{"id":8,"date":"2024-08-05T05:01:04","date_gmt":"2024-08-05T05:01:04","guid":{"rendered":"https:\/\/basilicacuu.cciglobalcuu.com\/?page_id=8"},"modified":"2024-08-26T15:48:46","modified_gmt":"2024-08-26T15:48:46","slug":"basilica-de-guadalupe","status":"publish","type":"page","link":"https:\/\/basilicacuu.cciglobalcuu.com\/","title":{"rendered":"Bas\u00edlica de Guadalupe"},"content":{"rendered":"\t\t<div data-elementor-type=\"wp-page\" data-elementor-id=\"8\" class=\"elementor elementor-8\" data-elementor-post-type=\"page\">\n\t\t\t\t<div data-particle_enable=\"false\" data-particle-mobile-disabled=\"false\" class=\"elementor-element elementor-element-1b3594a e-flex e-con-boxed e-con e-parent\" data-id=\"1b3594a\" data-element_type=\"container\">\n\t\t\t\t\t<div class=\"e-con-inner\">\n\t\t\t\t<div class=\"elementor-element elementor-element-4fe4730 elementor-widget elementor-widget-eael-lightbox\" data-id=\"4fe4730\" data-element_type=\"widget\" data-widget_type=\"eael-lightbox.default\">\n\t\t\t\t<div class=\"elementor-widget-container\">\n\t\t\t\n\n\t\t<div data-lightbox-type=\"lightbox_type_url\" data-lightbox-type-url=\"https:\/\/basilicacuu.cciglobalcuu.com\/wp-content\/uploads\/2024\/08\/BASILICA-CUU-VERSION-1-MIN-2023-DELFOZ.mp4   \" data-lightbox-trigger-pageload=\"0\" data-lightbox-closebtn-color=\"\" class=\"eael-lightbox-wrapper\" data-trigger=\"eael_lightbox_trigger_pageload\" data-lightbox-id=\"lightbox_69e5f1378bd90\" data-type=\"iframe\" data-src=\"https:\/\/basilicacuu.cciglobalcuu.com\/wp-content\/uploads\/2024\/08\/BASILICA-CUU-VERSION-1-MIN-2023-DELFOZ.mp4\" data-iframe-class=\"eael-lightbox-popup-window eael-lightbox-modal-window-4fe4730\" data-popup-layout=\"eael-lightbox-popup-fullscreen\" data-main-class=\"eael-lightbox-modal-popup-4fe4730\" data-close_button=\"yes\" data-esc_exit=\"yes\" data-click_exit=\"yes\" data-effect=\"animated mfp-zoom-out\" data-trigger-element=\".eael-modal-popup-link-69e5f1378bd90\" data-delay=\"0\" data-display-after=\"0\">\n\t\t\t<div class=\"eael-lightbox-btn\">\n\t\t\t\t\t\t\t<\/div><!-- close .eael-lightbox-btn -->\n\t\t<\/div>\n\n\t\t<div class=\"eael-lightbox-popup-window eael-lightbox-popup-window-4fe4730 lightbox_type_url\" id=\"eael-lightbox-window-69e5f1378bd90\">\n\t\t\t<div class=\"eael-lightbox-container\">\n\t\t\t\t\n\n\t\t\t<\/div>\n\t\t<\/div>\n\t\t<\/div>\n\t\t\t\t<\/div>\n\t\t\t\t\t<\/div>\n\t\t\t\t<\/div>\n\t\t<div data-particle_enable=\"false\" data-particle-mobile-disabled=\"false\" class=\"elementor-element elementor-element-ac012de e-con-full e-flex e-con e-parent\" data-id=\"ac012de\" data-element_type=\"container\">\n\t\t\t\t<div class=\"elementor-element elementor-element-d3294b2 elementor--h-position-center elementor--v-position-middle elementor-arrows-position-inside elementor-widget elementor-widget-slides\" data-id=\"d3294b2\" data-element_type=\"widget\" data-settings=\"{&quot;navigation&quot;:&quot;arrows&quot;,&quot;autoplay_speed&quot;:4000,&quot;autoplay&quot;:&quot;yes&quot;,&quot;pause_on_hover&quot;:&quot;yes&quot;,&quot;pause_on_interaction&quot;:&quot;yes&quot;,&quot;infinite&quot;:&quot;yes&quot;,&quot;transition&quot;:&quot;slide&quot;,&quot;transition_speed&quot;:500}\" data-widget_type=\"slides.default\">\n\t\t\t\t<div class=\"elementor-widget-container\">\n\t\t\t\t\t<div class=\"elementor-swiper\">\n\t\t\t<div class=\"elementor-slides-wrapper elementor-main-swiper swiper\" dir=\"ltr\" data-animation=\"fadeInUp\">\n\t\t\t\t<div class=\"swiper-wrapper elementor-slides\">\n\t\t\t\t\t\t\t\t\t\t<div class=\"elementor-repeater-item-b01ae99 swiper-slide\"><div class=\"swiper-slide-bg\" role=\"img\"><\/div><div class=\"swiper-slide-inner\" ><div class=\"swiper-slide-contents\"><div class=\"elementor-slide-heading\">Bas\u00edlica de Guadalupe Chihuahua<\/div><\/div><\/div><\/div><div class=\"elementor-repeater-item-2deea93 swiper-slide\"><div class=\"swiper-slide-bg\" role=\"img\"><\/div><div class=\"swiper-slide-inner\" ><div class=\"swiper-slide-contents\"><div class=\"elementor-slide-heading\">Bas\u00edlica de Guadalupe Chihuahua<\/div><\/div><\/div><\/div><div class=\"elementor-repeater-item-eb66074 swiper-slide\"><div class=\"swiper-slide-bg\" role=\"img\"><\/div><div class=\"swiper-slide-inner\" ><div class=\"swiper-slide-contents\"><div class=\"elementor-slide-heading\">Bas\u00edlica de Guadalupe Chihuahua<\/div><\/div><\/div><\/div><div class=\"elementor-repeater-item-e1549f8 swiper-slide\"><div class=\"swiper-slide-bg\" role=\"img\"><\/div><div class=\"swiper-slide-inner\" ><div class=\"swiper-slide-contents\"><div class=\"elementor-slide-heading\">Bas\u00edlica de Guadalupe Chihuahua<\/div><\/div><\/div><\/div>\t\t\t\t<\/div>\n\t\t\t\t\t\t\t\t\t\t\t\t\t\t\t\t\t\t\t\t<div class=\"elementor-swiper-button elementor-swiper-button-prev\" role=\"button\" tabindex=\"0\">\n\t\t\t\t\t\t\t<svg aria-hidden=\"true\" class=\"e-font-icon-svg e-eicon-chevron-left\" viewBox=\"0 0 1000 1000\" xmlns=\"http:\/\/www.w3.org\/2000\/svg\"><path d=\"M646 125C629 125 613 133 604 142L308 442C296 454 292 471 292 487 292 504 296 521 308 533L604 854C617 867 629 875 646 875 663 875 679 871 692 858 704 846 713 829 713 812 713 796 708 779 692 767L438 487 692 225C700 217 708 204 708 187 708 171 704 154 692 142 675 129 663 125 646 125Z\"><\/path><\/svg>\t\t\t\t\t\t\t<span class=\"elementor-screen-only\">Previous slide<\/span>\n\t\t\t\t\t\t<\/div>\n\t\t\t\t\t\t<div class=\"elementor-swiper-button elementor-swiper-button-next\" role=\"button\" tabindex=\"0\">\n\t\t\t\t\t\t\t<svg aria-hidden=\"true\" class=\"e-font-icon-svg e-eicon-chevron-right\" viewBox=\"0 0 1000 1000\" xmlns=\"http:\/\/www.w3.org\/2000\/svg\"><path d=\"M696 533C708 521 713 504 713 487 713 471 708 454 696 446L400 146C388 133 375 125 354 125 338 125 325 129 313 142 300 154 292 171 292 187 292 204 296 221 308 233L563 492 304 771C292 783 288 800 288 817 288 833 296 850 308 863 321 871 338 875 354 875 371 875 388 867 400 854L696 533Z\"><\/path><\/svg>\t\t\t\t\t\t\t<span class=\"elementor-screen-only\">Next slide<\/span>\n\t\t\t\t\t\t<\/div>\n\t\t\t\t\t\t\t\t\t\t\t\t<\/div>\n\t\t<\/div>\n\t\t\t\t<\/div>\n\t\t\t\t<\/div>\n\t\t\t\t<\/div>\n\t\t<div data-particle_enable=\"false\" data-particle-mobile-disabled=\"false\" class=\"elementor-element elementor-element-75f840d e-con-full e-flex e-con e-parent\" data-id=\"75f840d\" data-element_type=\"container\">\n\t\t<div data-particle_enable=\"false\" data-particle-mobile-disabled=\"false\" class=\"elementor-element elementor-element-f98c01d e-con-full e-flex e-con e-child\" data-id=\"f98c01d\" data-element_type=\"container\" data-settings=\"{&quot;background_background&quot;:&quot;classic&quot;}\">\n\t\t\t\t<div class=\"elementor-element elementor-element-fc58010 elementor-widget elementor-widget-heading\" data-id=\"fc58010\" data-element_type=\"widget\" data-widget_type=\"heading.default\">\n\t\t\t\t<div class=\"elementor-widget-container\">\n\t\t\t<h2 class=\"elementor-heading-title elementor-size-default\">Te contamos sobre este proyecto<\/h2>\t\t<\/div>\n\t\t\t\t<\/div>\n\t\t\t\t<div class=\"elementor-element elementor-element-944db7a elementor-widget-mobile__width-auto elementor-widget elementor-widget-text-editor\" data-id=\"944db7a\" data-element_type=\"widget\" data-widget_type=\"text-editor.default\">\n\t\t\t\t<div class=\"elementor-widget-container\">\n\t\t\t\t\t\t\t<p>El Santuario del Tepeyac, del que la sagrada imagen de la Virgen Mar\u00eda de Guadalupe es el coraz\u00f3n, ya desde el siglo XVI ha sido meta continua de peregrinos, procedentes no s\u00f3lo\u00a0 de la Naci\u00f3n Mexicana sino tambi\u00e9n de todo el Continente Americano.<\/p>\t\t\t\t\t\t<\/div>\n\t\t\t\t<\/div>\n\t\t\t\t<\/div>\n\t\t<div data-particle_enable=\"false\" data-particle-mobile-disabled=\"false\" class=\"elementor-element elementor-element-800946b e-con-full e-flex e-con e-child\" data-id=\"800946b\" data-element_type=\"container\" data-settings=\"{&quot;background_background&quot;:&quot;classic&quot;}\">\n\t\t\t\t<\/div>\n\t\t\t\t<\/div>\n\t\t<div data-particle_enable=\"false\" data-particle-mobile-disabled=\"false\" class=\"elementor-element elementor-element-87a6089 e-flex e-con-boxed e-con e-parent\" data-id=\"87a6089\" data-element_type=\"container\">\n\t\t\t\t\t<div class=\"e-con-inner\">\n\t\t\t\t<div class=\"elementor-element elementor-element-f7d42fb elementor-widget elementor-widget-heading\" data-id=\"f7d42fb\" data-element_type=\"widget\" data-widget_type=\"heading.default\">\n\t\t\t\t<div class=\"elementor-widget-container\">\n\t\t\t<h2 class=\"elementor-heading-title elementor-size-default\">Facebook<\/h2>\t\t<\/div>\n\t\t\t\t<\/div>\n\t\t\t\t<div class=\"elementor-element elementor-element-461fd0d elementor-widget elementor-widget-facebook-page\" data-id=\"461fd0d\" data-element_type=\"widget\" data-widget_type=\"facebook-page.default\">\n\t\t\t\t<div class=\"elementor-widget-container\">\n\t\t\t<div class=\"elementor-facebook-widget fb-page\" data-href=\"https:\/\/www.facebook.com\/BasilicadeGuadalupeChihuahua\" data-tabs=\"timeline\" data-height=\"658px\" data-width=\"500px\" data-small-header=\"true\" data-hide-cover=\"true\" data-show-facepile=\"true\" data-hide-cta=\"false\" style=\"min-height: 1px;height:658px\"><\/div>\t\t<\/div>\n\t\t\t\t<\/div>\n\t\t\t\t<div class=\"elementor-element elementor-element-e48b39b elementor-widget elementor-widget-eael-facebook-feed\" data-id=\"e48b39b\" data-element_type=\"widget\" data-widget_type=\"eael-facebook-feed.default\">\n\t\t\t\t<div class=\"elementor-widget-container\">\n\t\t\t        <div class=\"eael-facebook-feed eael-col-3 eael-facebook-feed-card\" id=\"eael-facebook-feed-e48b39b\">\n                    <\/div>\n        <div class=\"clearfix\"><\/div>\n        \t\t<\/div>\n\t\t\t\t<\/div>\n\t\t\t\t\t<\/div>\n\t\t\t\t<\/div>\n\t\t<div data-particle_enable=\"false\" data-particle-mobile-disabled=\"false\" class=\"elementor-element elementor-element-e5bab3a e-flex e-con-boxed e-con e-parent\" data-id=\"e5bab3a\" data-element_type=\"container\">\n\t\t\t\t\t<div class=\"e-con-inner\">\n\t\t\t\t<div class=\"elementor-element elementor-element-9fd92fc elementor-widget elementor-widget-heading\" data-id=\"9fd92fc\" data-element_type=\"widget\" data-widget_type=\"heading.default\">\n\t\t\t\t<div class=\"elementor-widget-container\">\n\t\t\t<h2 class=\"elementor-heading-title elementor-size-default\">L\u00ednea del tiempo<\/h2>\t\t<\/div>\n\t\t\t\t<\/div>\n\t\t\t\t<div class=\"elementor-element elementor-element-c416887 elementor-widget elementor-widget-eael-content-timeline\" data-id=\"c416887\" data-element_type=\"widget\" data-widget_type=\"eael-content-timeline.default\">\n\t\t\t\t<div class=\"elementor-widget-container\">\n\t\t\t\t\t<div id=\"eael-content-timeline-c416887\" class=\"content-timeline-layout- date-position- horizontal-timeline-wrapper\" data-slide_to_scroll=\"{&quot;desktop&quot;:&quot;2&quot;,&quot;tablet&quot;:1,&quot;mobile&quot;:&quot;1&quot;}\">\n\t\t\t<div class=\"eael-content-timeline-container\">\n\t\t\t\t<div class=\"eael-content-timeline-container\">\n\t\t\t\t\t<div class=\"eael-horizontal-timeline eael-horizontal-timeline--layout-top eael-horizontal-timeline--align-left eael-horizontal-timeline--arrows\">\n        <div class=\"eael-horizontal-timeline-inner\">\n        \n    <div class=\"eael-horizontal-timeline-track\">\n        \n                <div class=\"eael-horizontal-timeline-list eael-horizontal-timeline-list--top top\">\n                    \t\t\t\t<div class=\"eael-horizontal-timeline-item top is-active\">\n\t\t\t\t\t<div class=\"eael-horizontal-timeline-item__card top\">\n\t\t\t\t\t\t<div class=\"eael-horizontal-timeline-item__card-inner\">\n\t\t\t\t\t\t\t\n\t\t\t\t\t\t\t<h2 class=\"eael-horizontal-timeline-item__card-title\"><a href=\"\">12 de diciembre de 1995:<\/a><\/h2>\t\t\t\t\t\t\t<div class=\"eael-horizontal-timeline-item__card-desc\">\n\t\t\t\t\t\t\t\t<p><span>Bendici\u00f3n<\/span> <span>de<\/span> <span>la<\/span> <span>Primera<\/span> <span>piedra<\/span> <span>de<\/span> <span>la<\/span> <span>Bas\u00edlica<\/span> <span>de <\/span><span>Guadalupe por el papa San Juan Pablo II en Roma.<\/span><\/p><p><img fetchpriority=\"high\" decoding=\"async\" class=\"alignnone size-medium wp-image-270\" src=\"https:\/\/basilicacuu.cciglobalcuu.com\/wp-content\/uploads\/2024\/08\/1B-300x206.jpg\" alt=\"\" width=\"300\" height=\"206\" srcset=\"https:\/\/basilicacuu.cciglobalcuu.com\/wp-content\/uploads\/2024\/08\/1B-300x206.jpg 300w, https:\/\/basilicacuu.cciglobalcuu.com\/wp-content\/uploads\/2024\/08\/1B.jpg 344w\" sizes=\"(max-width: 300px) 100vw, 300px\" \/><\/p>\t\t\t\t\t\t\t<\/div>\n\t\t\t\t\t\t<\/div>\n\t\t\t\t\t\t\n\t\t\t\t\t\t<div class=\"eael-horizontal-timeline-item__card-arrow top\"><\/div>\n\t\t\t\t\t<\/div>\n\t\t\t\t<\/div>\n\t\t\t\t\t\t\t\t<div class=\"eael-horizontal-timeline-item top \">\n\t\t\t\t\t<div class=\"eael-horizontal-timeline-item__card top\">\n\t\t\t\t\t\t<div class=\"eael-horizontal-timeline-item__card-inner\">\n\t\t\t\t\t\t\t\n\t\t\t\t\t\t\t<h2 class=\"eael-horizontal-timeline-item__card-title\"><a href=\"\">12 de diciembre del 2013:<\/a><\/h2>\t\t\t\t\t\t\t<div class=\"eael-horizontal-timeline-item__card-desc\">\n\t\t\t\t\t\t\t\t<p><span>Es<\/span> <span>colocada<\/span> <span>la<\/span> <span>primera<\/span> <span>piedra<\/span> <span>por<\/span> <span>el<\/span> <span>Arzobispo <\/span><span>Constancio Miranda Weckmannn<\/span> <span>en el predio d\u00f3nde se construye la bas\u00edlica de <\/span><span>Guadalupe.<img decoding=\"async\" class=\"alignnone size-medium wp-image-268\" src=\"https:\/\/basilicacuu.cciglobalcuu.com\/wp-content\/uploads\/2024\/08\/2B-300x206.jpg\" alt=\"\" width=\"300\" height=\"206\" srcset=\"https:\/\/basilicacuu.cciglobalcuu.com\/wp-content\/uploads\/2024\/08\/2B-300x206.jpg 300w, https:\/\/basilicacuu.cciglobalcuu.com\/wp-content\/uploads\/2024\/08\/2B.jpg 344w\" sizes=\"(max-width: 300px) 100vw, 300px\" \/><\/span><\/p>\t\t\t\t\t\t\t<\/div>\n\t\t\t\t\t\t<\/div>\n\t\t\t\t\t\t\n\t\t\t\t\t\t<div class=\"eael-horizontal-timeline-item__card-arrow top\"><\/div>\n\t\t\t\t\t<\/div>\n\t\t\t\t<\/div>\n\t\t\t\t\t\t\t\t<div class=\"eael-horizontal-timeline-item top \">\n\t\t\t\t\t<div class=\"eael-horizontal-timeline-item__card top\">\n\t\t\t\t\t\t<div class=\"eael-horizontal-timeline-item__card-inner\">\n\t\t\t\t\t\t\t\n\t\t\t\t\t\t\t<h2 class=\"eael-horizontal-timeline-item__card-title\"><a href=\"\">12 de diciembre del 2014:<\/a><\/h2>\t\t\t\t\t\t\t<div class=\"eael-horizontal-timeline-item__card-desc\">\n\t\t\t\t\t\t\t\t<p><span>Se inaugura y bendice la Ermita de Guadalupe.<img decoding=\"async\" class=\"alignnone size-medium wp-image-271\" src=\"https:\/\/basilicacuu.cciglobalcuu.com\/wp-content\/uploads\/2024\/08\/3B-300x206.jpg\" alt=\"\" width=\"300\" height=\"206\" srcset=\"https:\/\/basilicacuu.cciglobalcuu.com\/wp-content\/uploads\/2024\/08\/3B-300x206.jpg 300w, https:\/\/basilicacuu.cciglobalcuu.com\/wp-content\/uploads\/2024\/08\/3B.jpg 344w\" sizes=\"(max-width: 300px) 100vw, 300px\" \/><\/span><\/p>\t\t\t\t\t\t\t<\/div>\n\t\t\t\t\t\t<\/div>\n\t\t\t\t\t\t\n\t\t\t\t\t\t<div class=\"eael-horizontal-timeline-item__card-arrow top\"><\/div>\n\t\t\t\t\t<\/div>\n\t\t\t\t<\/div>\n\t\t\t\t\t\t\t\t<div class=\"eael-horizontal-timeline-item top \">\n\t\t\t\t\t<div class=\"eael-horizontal-timeline-item__card top\">\n\t\t\t\t\t\t<div class=\"eael-horizontal-timeline-item__card-inner\">\n\t\t\t\t\t\t\t\n\t\t\t\t\t\t\t<h2 class=\"eael-horizontal-timeline-item__card-title\"><a href=\"\">12 de diciembre del 2017:<\/a><\/h2>\t\t\t\t\t\t\t<div class=\"eael-horizontal-timeline-item__card-desc\">\n\t\t\t\t\t\t\t\t<p><span>Se inaugura y bendice la Calzada de los misterios, espacio utilizado para las peregrinaciones que se realizan a la casa de nuestra Santa Madre<img loading=\"lazy\" decoding=\"async\" class=\"alignnone size-medium wp-image-272\" src=\"https:\/\/basilicacuu.cciglobalcuu.com\/wp-content\/uploads\/2024\/08\/4B-300x206.jpg\" alt=\"\" width=\"300\" height=\"206\" srcset=\"https:\/\/basilicacuu.cciglobalcuu.com\/wp-content\/uploads\/2024\/08\/4B-300x206.jpg 300w, https:\/\/basilicacuu.cciglobalcuu.com\/wp-content\/uploads\/2024\/08\/4B.jpg 344w\" sizes=\"(max-width: 300px) 100vw, 300px\" \/><\/span><\/p>\t\t\t\t\t\t\t<\/div>\n\t\t\t\t\t\t<\/div>\n\t\t\t\t\t\t\n\t\t\t\t\t\t<div class=\"eael-horizontal-timeline-item__card-arrow top\"><\/div>\n\t\t\t\t\t<\/div>\n\t\t\t\t<\/div>\n\t\t\t\t\t\t\t\t<div class=\"eael-horizontal-timeline-item top \">\n\t\t\t\t\t<div class=\"eael-horizontal-timeline-item__card top\">\n\t\t\t\t\t\t<div class=\"eael-horizontal-timeline-item__card-inner\">\n\t\t\t\t\t\t\t\n\t\t\t\t\t\t\t<h2 class=\"eael-horizontal-timeline-item__card-title\"><a href=\"\">12 de diciembre del 2018:<\/a><\/h2>\t\t\t\t\t\t\t<div class=\"eael-horizontal-timeline-item__card-desc\">\n\t\t\t\t\t\t\t\t<p><span>Se inaugura y bendice la capilla dedicada a San Juan Diego, espacio donde se ubica el Mausoleo de Guadalupe<img loading=\"lazy\" decoding=\"async\" class=\"alignnone size-medium wp-image-273\" src=\"https:\/\/basilicacuu.cciglobalcuu.com\/wp-content\/uploads\/2024\/08\/5B-300x206.jpg\" alt=\"\" width=\"300\" height=\"206\" srcset=\"https:\/\/basilicacuu.cciglobalcuu.com\/wp-content\/uploads\/2024\/08\/5B-300x206.jpg 300w, https:\/\/basilicacuu.cciglobalcuu.com\/wp-content\/uploads\/2024\/08\/5B.jpg 344w\" sizes=\"(max-width: 300px) 100vw, 300px\" \/><\/span><\/p>\t\t\t\t\t\t\t<\/div>\n\t\t\t\t\t\t<\/div>\n\t\t\t\t\t\t\n\t\t\t\t\t\t<div class=\"eael-horizontal-timeline-item__card-arrow top\"><\/div>\n\t\t\t\t\t<\/div>\n\t\t\t\t<\/div>\n\t\t\t\t\t\t\t\t<div class=\"eael-horizontal-timeline-item top \">\n\t\t\t\t\t<div class=\"eael-horizontal-timeline-item__card top\">\n\t\t\t\t\t\t<div class=\"eael-horizontal-timeline-item__card-inner\">\n\t\t\t\t\t\t\t\n\t\t\t\t\t\t\t<h2 class=\"eael-horizontal-timeline-item__card-title\"><a href=\"\">Actualidad:<\/a><\/h2>\t\t\t\t\t\t\t<div class=\"eael-horizontal-timeline-item__card-desc\">\n\t\t\t\t\t\t\t\t<p><span>Templo principal (Bas\u00edlica de Guadalupe) en construcci\u00f3n.<img loading=\"lazy\" decoding=\"async\" class=\"alignnone size-medium wp-image-274\" src=\"https:\/\/basilicacuu.cciglobalcuu.com\/wp-content\/uploads\/2024\/08\/6B-300x206.jpg\" alt=\"\" width=\"300\" height=\"206\" srcset=\"https:\/\/basilicacuu.cciglobalcuu.com\/wp-content\/uploads\/2024\/08\/6B-300x206.jpg 300w, https:\/\/basilicacuu.cciglobalcuu.com\/wp-content\/uploads\/2024\/08\/6B.jpg 344w\" sizes=\"(max-width: 300px) 100vw, 300px\" \/><\/span><\/p>\t\t\t\t\t\t\t<\/div>\n\t\t\t\t\t\t<\/div>\n\t\t\t\t\t\t\n\t\t\t\t\t\t<div class=\"eael-horizontal-timeline-item__card-arrow top\"><\/div>\n\t\t\t\t\t<\/div>\n\t\t\t\t<\/div>\n\t\t\t\t                <\/div>\n                <div class=\"eael-horizontal-timeline-list eael-horizontal-timeline-list--middle top\">\n                    <div class=\"eael-horizontal-timeline__line\"><\/div>\n                    \t\t\t\t<div class=\"eael-horizontal-timeline-item is-active\">\n\t\t\t\t\t<div class=\"eael-horizontal-timeline-item__point\">\n\t\t\t\t\t\t<div class=\"eael-horizontal-timeline-item__point-content\">\n\t\t\t\t\t\t\t<span class=\"eael-elements-icon\">  <\/span>\n\t\t\t\t\t\t<\/div>\n\t\t\t\t\t<\/div>\n\t\t\t\t<\/div>\n\t\t\t\t\t\t\t\t<div class=\"eael-horizontal-timeline-item \">\n\t\t\t\t\t<div class=\"eael-horizontal-timeline-item__point\">\n\t\t\t\t\t\t<div class=\"eael-horizontal-timeline-item__point-content\">\n\t\t\t\t\t\t\t<span class=\"eael-elements-icon\">  <\/span>\n\t\t\t\t\t\t<\/div>\n\t\t\t\t\t<\/div>\n\t\t\t\t<\/div>\n\t\t\t\t\t\t\t\t<div class=\"eael-horizontal-timeline-item \">\n\t\t\t\t\t<div class=\"eael-horizontal-timeline-item__point\">\n\t\t\t\t\t\t<div class=\"eael-horizontal-timeline-item__point-content\">\n\t\t\t\t\t\t\t<span class=\"eael-elements-icon\">  <\/span>\n\t\t\t\t\t\t<\/div>\n\t\t\t\t\t<\/div>\n\t\t\t\t<\/div>\n\t\t\t\t\t\t\t\t<div class=\"eael-horizontal-timeline-item \">\n\t\t\t\t\t<div class=\"eael-horizontal-timeline-item__point\">\n\t\t\t\t\t\t<div class=\"eael-horizontal-timeline-item__point-content\">\n\t\t\t\t\t\t\t<span class=\"eael-elements-icon\">  <\/span>\n\t\t\t\t\t\t<\/div>\n\t\t\t\t\t<\/div>\n\t\t\t\t<\/div>\n\t\t\t\t\t\t\t\t<div class=\"eael-horizontal-timeline-item \">\n\t\t\t\t\t<div class=\"eael-horizontal-timeline-item__point\">\n\t\t\t\t\t\t<div class=\"eael-horizontal-timeline-item__point-content\">\n\t\t\t\t\t\t\t<span class=\"eael-elements-icon\">  <\/span>\n\t\t\t\t\t\t<\/div>\n\t\t\t\t\t<\/div>\n\t\t\t\t<\/div>\n\t\t\t\t\t\t\t\t<div class=\"eael-horizontal-timeline-item \">\n\t\t\t\t\t<div class=\"eael-horizontal-timeline-item__point\">\n\t\t\t\t\t\t<div class=\"eael-horizontal-timeline-item__point-content\">\n\t\t\t\t\t\t\t<span class=\"eael-elements-icon\">  <\/span>\n\t\t\t\t\t\t<\/div>\n\t\t\t\t\t<\/div>\n\t\t\t\t<\/div>\n\t\t\t\t                <\/div>\n                <div class=\"eael-horizontal-timeline-list eael-horizontal-timeline-list--bottom top\">\n                    \t\t\t\t<div class=\"eael-horizontal-timeline-item is-active\">\n\t\t\t\t\t\t\t\t\t\t\t<div class=\"eael-horizontal-timeline-item__meta\">\n\t\t\t\t\t\t\t\t\t\t\t\t\t<\/div>\n\t\t\t\t\t\t\t\t\t<\/div>\n\t\t\t\t\t\t\t\t<div class=\"eael-horizontal-timeline-item \">\n\t\t\t\t\t\t\t\t\t\t\t<div class=\"eael-horizontal-timeline-item__meta\">\n\t\t\t\t\t\t\t\t\t\t\t\t\t<\/div>\n\t\t\t\t\t\t\t\t\t<\/div>\n\t\t\t\t\t\t\t\t<div class=\"eael-horizontal-timeline-item \">\n\t\t\t\t\t\t\t\t\t\t\t<div class=\"eael-horizontal-timeline-item__meta\">\n\t\t\t\t\t\t\t\t\t\t\t\t\t<\/div>\n\t\t\t\t\t\t\t\t\t<\/div>\n\t\t\t\t\t\t\t\t<div class=\"eael-horizontal-timeline-item \">\n\t\t\t\t\t\t\t\t\t\t\t<div class=\"eael-horizontal-timeline-item__meta\">\n\t\t\t\t\t\t\t\t\t\t\t\t\t<\/div>\n\t\t\t\t\t\t\t\t\t<\/div>\n\t\t\t\t\t\t\t\t<div class=\"eael-horizontal-timeline-item \">\n\t\t\t\t\t\t\t\t\t\t\t<div class=\"eael-horizontal-timeline-item__meta\">\n\t\t\t\t\t\t\t\t\t\t\t\t\t<\/div>\n\t\t\t\t\t\t\t\t\t<\/div>\n\t\t\t\t\t\t\t\t<div class=\"eael-horizontal-timeline-item \">\n\t\t\t\t\t\t\t\t\t\t\t<div class=\"eael-horizontal-timeline-item__meta\">\n\t\t\t\t\t\t\t\t\t\t\t\t\t<\/div>\n\t\t\t\t\t\t\t\t\t<\/div>\n\t\t\t\t                <\/div>\n                \n                    <\/div>\n\n    <i class=\"fa fa-chevron-left eael-arrow eael-prev-arrow eael-arrow-disabled\"><\/i><i class=\"fa fa-chevron-left eael-arrow eael-next-arrow\"><\/i>\n        <\/div> <!-- \/.eael-horizontal-timeline-inner -->\n    <\/div>\n\t\t\t\t<\/div>\n\t\t\t<\/div>\n\t\t<\/div>\n\t\t\t<\/div>\n\t\t\t\t<\/div>\n\t\t\t\t\t<\/div>\n\t\t\t\t<\/div>\n\t\t<div data-particle_enable=\"false\" data-particle-mobile-disabled=\"false\" class=\"elementor-element elementor-element-d496635 e-con-full e-flex e-con e-parent\" data-id=\"d496635\" data-element_type=\"container\">\n\t\t\t\t<div class=\"elementor-element elementor-element-917904c elementor-widget elementor-widget-heading\" data-id=\"917904c\" data-element_type=\"widget\" data-widget_type=\"heading.default\">\n\t\t\t\t<div class=\"elementor-widget-container\">\n\t\t\t<h2 class=\"elementor-heading-title elementor-size-default\">Avances del proyecto<\/h2>\t\t<\/div>\n\t\t\t\t<\/div>\n\t\t\t\t<div class=\"elementor-element elementor-element-5079148 elementor-widget elementor-widget-shortcode\" data-id=\"5079148\" data-element_type=\"widget\" data-widget_type=\"shortcode.default\">\n\t\t\t\t<div class=\"elementor-widget-container\">\n\t\t\t\t\t<div class=\"elementor-shortcode\"><div id=\"metaslider-id-212\" style=\"width: 100%; margin: 0 auto;\" class=\"ml-slider-3-91-0 metaslider metaslider-flex metaslider-212 ml-slider botones hide-navigation-smartphone ms-theme-bubble has-carousel-mode has-dots-nav\" role=\"region\" aria-roledescription=\"Slideshow\" aria-label=\"Nueva presentaci\u00f3n de diapositivas\">\n    <div id=\"metaslider_container_212\">\n        <div id=\"metaslider_212\">\n            <ul class='slides'>\n                <li style=\"display: none; width: 100%;\" class=\"slide-218 ms-image \" aria-roledescription=\"slide\" aria-label=\"slide-218\"><img loading=\"lazy\" decoding=\"async\" src=\"https:\/\/basilicacuu.cciglobalcuu.com\/wp-content\/uploads\/2024\/08\/foto1.jpg\" height=\"655\" width=\"1920\" alt=\"\" class=\"slider-212 slide-218\" title=\"foto1\" \/><\/li>\n                <li style=\"display: none; width: 100%;\" class=\"slide-219 ms-image \" aria-roledescription=\"slide\" aria-label=\"slide-219\"><img loading=\"lazy\" decoding=\"async\" src=\"https:\/\/basilicacuu.cciglobalcuu.com\/wp-content\/uploads\/2024\/08\/slider2.jpg\" height=\"655\" width=\"1920\" alt=\"\" class=\"slider-212 slide-219\" title=\"slider2\" \/><\/li>\n                <li style=\"display: none; width: 100%;\" class=\"slide-220 ms-image \" aria-roledescription=\"slide\" aria-label=\"slide-220\"><img loading=\"lazy\" decoding=\"async\" src=\"https:\/\/basilicacuu.cciglobalcuu.com\/wp-content\/uploads\/2024\/08\/slide3.jpg\" height=\"655\" width=\"1920\" alt=\"\" class=\"slider-212 slide-220\" title=\"slide3\" \/><\/li>\n                <li style=\"display: none; width: 100%;\" class=\"slide-221 ms-image \" aria-roledescription=\"slide\" aria-label=\"slide-221\"><img loading=\"lazy\" decoding=\"async\" src=\"https:\/\/basilicacuu.cciglobalcuu.com\/wp-content\/uploads\/2024\/08\/slider4.jpg\" height=\"655\" width=\"1920\" alt=\"\" class=\"slider-212 slide-221\" title=\"slider4\" \/><\/li>\n                <li style=\"display: none; width: 100%;\" class=\"slide-222 ms-image \" aria-roledescription=\"slide\" aria-label=\"slide-222\"><img loading=\"lazy\" decoding=\"async\" src=\"https:\/\/basilicacuu.cciglobalcuu.com\/wp-content\/uploads\/2024\/08\/slider-5.jpg\" height=\"655\" width=\"1920\" alt=\"\" class=\"slider-212 slide-222\" title=\"slider-5\" \/><\/li>\n            <\/ul>\n        <\/div>\n        \n    <\/div>\n<\/div><\/div>\n\t\t\t\t<\/div>\n\t\t\t\t<\/div>\n\t\t\t\t<\/div>\n\t\t\t\t<\/div>\n\t\t","protected":false},"excerpt":{"rendered":"<p>Bas\u00edlica de Guadalupe ChihuahuaBas\u00edlica de Guadalupe ChihuahuaBas\u00edlica de Guadalupe ChihuahuaBas\u00edlica de Guadalupe Chihuahua Previous slide Next slide Te contamos sobre este proyecto El Santuario del Tepeyac, del que la sagrada imagen de la Virgen Mar\u00eda de Guadalupe es el coraz\u00f3n, ya desde el siglo XVI ha sido meta continua de peregrinos, procedentes no s\u00f3lo\u00a0 de [&hellip;]<\/p>\n","protected":false},"author":1,"featured_media":0,"parent":0,"menu_order":0,"comment_status":"closed","ping_status":"closed","template":"","meta":{"footnotes":""},"class_list":["post-8","page","type-page","status-publish","hentry"],"_links":{"self":[{"href":"https:\/\/basilicacuu.cciglobalcuu.com\/index.php\/wp-json\/wp\/v2\/pages\/8","targetHints":{"allow":["GET"]}}],"collection":[{"href":"https:\/\/basilicacuu.cciglobalcuu.com\/index.php\/wp-json\/wp\/v2\/pages"}],"about":[{"href":"https:\/\/basilicacuu.cciglobalcuu.com\/index.php\/wp-json\/wp\/v2\/types\/page"}],"author":[{"embeddable":true,"href":"https:\/\/basilicacuu.cciglobalcuu.com\/index.php\/wp-json\/wp\/v2\/users\/1"}],"replies":[{"embeddable":true,"href":"https:\/\/basilicacuu.cciglobalcuu.com\/index.php\/wp-json\/wp\/v2\/comments?post=8"}],"version-history":[{"count":124,"href":"https:\/\/basilicacuu.cciglobalcuu.com\/index.php\/wp-json\/wp\/v2\/pages\/8\/revisions"}],"predecessor-version":[{"id":455,"href":"https:\/\/basilicacuu.cciglobalcuu.com\/index.php\/wp-json\/wp\/v2\/pages\/8\/revisions\/455"}],"wp:attachment":[{"href":"https:\/\/basilicacuu.cciglobalcuu.com\/index.php\/wp-json\/wp\/v2\/media?parent=8"}],"curies":[{"name":"wp","href":"https:\/\/api.w.org\/{rel}","templated":true}]}}